{"id":96,"date":"2015-02-26T13:25:43","date_gmt":"2015-02-26T12:25:43","guid":{"rendered":"http:\/\/hsl.medienzentrum-clp.de\/?page_id=96"},"modified":"2022-02-15T15:03:11","modified_gmt":"2022-02-15T14:03:11","slug":"projekte","status":"publish","type":"page","link":"https:\/\/hsloeningen.de\/?page_id=96","title":{"rendered":"Projekte und AGs"},"content":{"rendered":"<div class=\"pdfprnt-buttons pdfprnt-buttons-page pdfprnt-top-right\"><a href=\"https:\/\/hsloeningen.de\/index.php?rest_route=%2Fwp%2Fv2%2Fpages%2F96&print=pdf\" class=\"pdfprnt-button pdfprnt-button-pdf\" target=\"_blank\" ><img decoding=\"async\" src=\"https:\/\/hsloeningen.de\/wp-content\/plugins\/pdf-print\/images\/pdf.png\" alt=\"image_pdf\" title=\"PDF anzeigen\" \/><\/a><a href=\"https:\/\/hsloeningen.de\/index.php?rest_route=%2Fwp%2Fv2%2Fpages%2F96&print=print\" class=\"pdfprnt-button pdfprnt-button-print\" target=\"_blank\" ><img decoding=\"async\" src=\"https:\/\/hsloeningen.de\/wp-content\/plugins\/pdf-print\/images\/print.png\" alt=\"image_print\" title=\"Inhalt drucken\" \/><\/a><\/div><p>Seit dem Schuljahr 2015\/2016 bieten wir f\u00fcr einige Jahrg\u00e4nge Arbeitsgemeinschaften an, um den Nachmittagsunterricht abwechslungsreicher zu gestalten.<\/p>\n<p>Zu diesen Arbeitsgemeinschaften geh\u00f6ren:<\/p>\n<ul>\n<li>Heimwerken<\/li>\n<li>N\u00e4hen<\/li>\n<li>Trommeln<\/li>\n<li>T\u00f6pfern<\/li>\n<li>Ballsport<\/li>\n<li>Babysitter<\/li>\n<li>Sozialer Briefkasten<\/li>\n<li>Outdoor-Spiele<\/li>\n<li>Tanzen<\/li>\n<li>Schwimmen<\/li>\n<li>Lego Spike Prime<\/li>\n<\/ul>\n","protected":false},"excerpt":{"rendered":"<p>Seit dem Schuljahr 2015\/2016 bieten wir f\u00fcr einige Jahrg\u00e4nge Arbeitsgemeinschaften an, um den Nachmittagsunterricht abwechslungsreicher zu gestalten. Zu diesen Arbeitsgemeinschaften geh\u00f6ren: Heimwerken N\u00e4hen Trommeln T\u00f6pfern Ballsport Babysitter Sozialer Briefkasten Outdoor-Spiele Tanzen Schwimmen Lego Spike Prime<\/p>\n","protected":false},"author":8,"featured_media":0,"parent":11,"menu_order":0,"comment_status":"closed","ping_status":"closed","template":"","meta":{"_mc_calendar":[],"footnotes":""},"class_list":["post-96","page","type-page","status-publish","hentry"],"_links":{"self":[{"href":"https:\/\/hsloeningen.de\/index.php?rest_route=\/wp\/v2\/pages\/96","targetHints":{"allow":["GET"]}}],"collection":[{"href":"https:\/\/hsloeningen.de\/index.php?rest_route=\/wp\/v2\/pages"}],"about":[{"href":"https:\/\/hsloeningen.de\/index.php?rest_route=\/wp\/v2\/types\/page"}],"author":[{"embeddable":true,"href":"https:\/\/hsloeningen.de\/index.php?rest_route=\/wp\/v2\/users\/8"}],"replies":[{"embeddable":true,"href":"https:\/\/hsloeningen.de\/index.php?rest_route=%2Fwp%2Fv2%2Fcomments&post=96"}],"version-history":[{"count":4,"href":"https:\/\/hsloeningen.de\/index.php?rest_route=\/wp\/v2\/pages\/96\/revisions"}],"predecessor-version":[{"id":1994,"href":"https:\/\/hsloeningen.de\/index.php?rest_route=\/wp\/v2\/pages\/96\/revisions\/1994"}],"up":[{"embeddable":true,"href":"https:\/\/hsloeningen.de\/index.php?rest_route=\/wp\/v2\/pages\/11"}],"wp:attachment":[{"href":"https:\/\/hsloeningen.de\/index.php?rest_route=%2Fwp%2Fv2%2Fmedia&parent=96"}],"curies":[{"name":"wp","href":"https:\/\/api.w.org\/{rel}","templated":true}]}}