{"id":943,"date":"2017-08-31T10:38:25","date_gmt":"2017-08-31T08:38:25","guid":{"rendered":"http:\/\/hsloeningen.de\/?page_id=943"},"modified":"2017-11-30T08:00:03","modified_gmt":"2017-11-30T07:00:03","slug":"ganztagsschule-2","status":"publish","type":"page","link":"https:\/\/hsloeningen.de\/?page_id=943","title":{"rendered":"Ganztagsschule"},"content":{"rendered":"<div class=\"pdfprnt-buttons pdfprnt-buttons-page pdfprnt-top-right\"><a href=\"https:\/\/hsloeningen.de\/index.php?rest_route=%2Fwp%2Fv2%2Fpages%2F943&print=pdf\" class=\"pdfprnt-button pdfprnt-button-pdf\" target=\"_blank\" ><img decoding=\"async\" src=\"https:\/\/hsloeningen.de\/wp-content\/plugins\/pdf-print\/images\/pdf.png\" alt=\"image_pdf\" title=\"PDF anzeigen\" \/><\/a><a href=\"https:\/\/hsloeningen.de\/index.php?rest_route=%2Fwp%2Fv2%2Fpages%2F943&print=print\" class=\"pdfprnt-button pdfprnt-button-print\" target=\"_blank\" ><img decoding=\"async\" src=\"https:\/\/hsloeningen.de\/wp-content\/plugins\/pdf-print\/images\/print.png\" alt=\"image_print\" title=\"Inhalt drucken\" \/><\/a><\/div><p>Seit dem Schuljahr 2008\/2009 sind wir eine teilweise gebundene Ganztagsschule.<\/p>\n<p>Damit verbunden sind zwei verpflichtende Nachmittage in der Schule.<\/p>\n<p>Seit dem Schuljahr 2017\/2018 bieten wir den Sch\u00fclerinnen und Sch\u00fclern die M\u00f6glichkeiten, an insgesamt vier Nachmittagen pro Woche in der Schule betreut zu werden.<\/p>\n<p>Von Montag bis Donnerstag findet eine Betreuung statt. Sie wird durch Lehrkr\u00e4fte und unsere Schulsozialarbeiterin gew\u00e4hrleistet und findet in folgender Form statt:<\/p>\n<ul>\n<li>Arbeitsgemeinschaften<\/li>\n<li>Projektarbeit<\/li>\n<li>Hausaufgabenbetreuung<\/li>\n<li>Sozialtraining<\/li>\n<\/ul>\n<p>An jedem dieser vier Tage k\u00f6nnen die Sch\u00fclerinnen und Sch\u00fcler nach vorheriger Anmeldung in unserer Mensa ein warmes Mittagessen bekommen.<\/p>\n","protected":false},"excerpt":{"rendered":"<p>Seit dem Schuljahr 2008\/2009 sind wir eine teilweise gebundene Ganztagsschule. Damit verbunden sind zwei verpflichtende Nachmittage in der Schule. Seit dem Schuljahr 2017\/2018 bieten wir den Sch\u00fclerinnen und Sch\u00fclern die M\u00f6glichkeiten, an insgesamt vier Nachmittagen pro Woche in der Schule&#8230;<br \/><a class=\"read-more-button\" href=\"https:\/\/hsloeningen.de\/?page_id=943\">Mehr Lesen<\/a><\/p>\n","protected":false},"author":8,"featured_media":0,"parent":11,"menu_order":0,"comment_status":"closed","ping_status":"closed","template":"","meta":{"_mc_calendar":[],"footnotes":""},"class_list":["post-943","page","type-page","status-publish","hentry"],"_links":{"self":[{"href":"https:\/\/hsloeningen.de\/index.php?rest_route=\/wp\/v2\/pages\/943","targetHints":{"allow":["GET"]}}],"collection":[{"href":"https:\/\/hsloeningen.de\/index.php?rest_route=\/wp\/v2\/pages"}],"about":[{"href":"https:\/\/hsloeningen.de\/index.php?rest_route=\/wp\/v2\/types\/page"}],"author":[{"embeddable":true,"href":"https:\/\/hsloeningen.de\/index.php?rest_route=\/wp\/v2\/users\/8"}],"replies":[{"embeddable":true,"href":"https:\/\/hsloeningen.de\/index.php?rest_route=%2Fwp%2Fv2%2Fcomments&post=943"}],"version-history":[{"count":3,"href":"https:\/\/hsloeningen.de\/index.php?rest_route=\/wp\/v2\/pages\/943\/revisions"}],"predecessor-version":[{"id":1016,"href":"https:\/\/hsloeningen.de\/index.php?rest_route=\/wp\/v2\/pages\/943\/revisions\/1016"}],"up":[{"embeddable":true,"href":"https:\/\/hsloeningen.de\/index.php?rest_route=\/wp\/v2\/pages\/11"}],"wp:attachment":[{"href":"https:\/\/hsloeningen.de\/index.php?rest_route=%2Fwp%2Fv2%2Fmedia&parent=943"}],"curies":[{"name":"wp","href":"https:\/\/api.w.org\/{rel}","templated":true}]}}