{"id":93,"date":"2015-02-26T13:24:34","date_gmt":"2015-02-26T12:24:34","guid":{"rendered":"http:\/\/hsl.medienzentrum-clp.de\/?page_id=93"},"modified":"2026-04-06T07:20:20","modified_gmt":"2026-04-06T05:20:20","slug":"schulmensa","status":"publish","type":"page","link":"https:\/\/hsloeningen.de\/?page_id=93","title":{"rendered":"Schulmensa &#038; Speisepl\u00e4ne"},"content":{"rendered":"<div class=\"pdfprnt-buttons pdfprnt-buttons-page pdfprnt-top-right\"><a href=\"https:\/\/hsloeningen.de\/index.php?rest_route=%2Fwp%2Fv2%2Fpages%2F93&print=pdf\" class=\"pdfprnt-button pdfprnt-button-pdf\" target=\"_blank\" ><img decoding=\"async\" src=\"https:\/\/hsloeningen.de\/wp-content\/plugins\/pdf-print\/images\/pdf.png\" alt=\"image_pdf\" title=\"PDF anzeigen\" \/><\/a><a href=\"https:\/\/hsloeningen.de\/index.php?rest_route=%2Fwp%2Fv2%2Fpages%2F93&print=print\" class=\"pdfprnt-button pdfprnt-button-print\" target=\"_blank\" ><img decoding=\"async\" src=\"https:\/\/hsloeningen.de\/wp-content\/plugins\/pdf-print\/images\/print.png\" alt=\"image_print\" title=\"Inhalt drucken\" \/><\/a><\/div>\r\n<p>F\u00fcr das Mittagessen in der Schulmensa im 2. Halbjahr ist seitens der Stadt L\u00f6ningen ein Informationsschreiben mit Anmeldezettel heraugegeben worden. Zum Download bitte anklicken:<\/p>\r\n\r\n\r\n\r\n<div class=\"wp-block-file\"><a href=\"https:\/\/hsloeningen.de\/wp-content\/uploads\/2023\/08\/Mensa-Allgemeine-Infos-2023-24.pdf\">Mensa Allgemeine Infos 2023-24<\/a><\/div>\r\n<div>\u00a0<\/div>\r\n\r\n\r\n\r\n<p>Die Firma Curom, die f\u00fcr das Mittagessen zust\u00e4ndig ist, ben\u00f6tigt f\u00fcr die Anmeldung ein SEPA-Lastschriftmandat, das folgend heruntergeladen werden kann.<\/p>\r\n\r\n\r\n\r\n<div class=\"wp-block-file\"><a id=\"wp-block-file--media-7550956b-f7f9-47df-9729-837f24f1e6b6\" href=\"https:\/\/hsloeningen.de\/wp-content\/uploads\/2022\/01\/CUROM-SEPA-Lastschriftmandat.pdf\">CUROM-SEPA-Lastschriftmandat<\/a><\/div>\r\n\r\n\r\n\r\n<p><br \/>Speisepl\u00e4ne zum Download von den Osterferien 2026 bis zu den Sommerferien 2026:<\/p>\r\n<p><a href=\"https:\/\/hsloeningen.de\/wp-content\/uploads\/2026\/01\/Speiseplan-OS-KW-15-ab-06.04.2026-SP-7.pdf\">Speiseplan OS KW 15 ab 06.04.2026 SP 7<\/a><\/p>\r\n<p><a href=\"https:\/\/hsloeningen.de\/wp-content\/uploads\/2026\/01\/Speiseplan-OS-KW-16-ab-13.04.2026-SP-8.pdf\">Speiseplan OS KW 16 ab 13.04.2026 SP 8<\/a><\/p>\r\n<p><a href=\"https:\/\/hsloeningen.de\/wp-content\/uploads\/2026\/01\/Speiseplan-OS-KW-17-ab-20.04.2026-SP-9.pdf\">Speiseplan OS KW 17 ab 20.04.2026 SP 9<\/a><\/p>\r\n<p><a href=\"https:\/\/hsloeningen.de\/wp-content\/uploads\/2026\/04\/Speiseplan-OS-KW-18-ab-27.04.2026-SP-10.pdf\">Speiseplan OS KW 18 ab 27.04.2026 SP 10<\/a><\/p>\r\n<p><a href=\"https:\/\/hsloeningen.de\/wp-content\/uploads\/2026\/04\/Speiseplan-OS-KW-19-ab-04.05.2026-SP-11.pdf\">Speiseplan OS KW 19 ab 04.05.2026 SP 11<\/a><\/p>\r\n<p><a href=\"https:\/\/hsloeningen.de\/wp-content\/uploads\/2026\/04\/Speiseplan-OS-KW-20-ab-11.05.2026-SP-12.pdf\">Speiseplan OS KW 20 ab 11.05.2026 SP 12<\/a><\/p>\r\n<p><a href=\"https:\/\/hsloeningen.de\/wp-content\/uploads\/2026\/04\/Speiseplan-OS-KW-21-ab-18.05.2026-SP-13.pdf\">Speiseplan OS KW 21 ab 18.05.2026 SP 13<\/a><\/p>\r\n<p><a href=\"https:\/\/hsloeningen.de\/wp-content\/uploads\/2026\/04\/Speiseplan-OS-KW-22-ab-25.05.21026-SP-14.pdf\">Speiseplan OS KW 22 ab 25.05.21026 SP 14<\/a><\/p>\r\n<p><a href=\"https:\/\/hsloeningen.de\/wp-content\/uploads\/2026\/04\/Speiseplan-OS-KW-23-ab-01.06.2026-SP-15.pdf\">Speiseplan OS KW 23 ab 01.06.2026 SP 15<\/a><\/p>\r\n<p><a href=\"https:\/\/hsloeningen.de\/wp-content\/uploads\/2026\/04\/Speiseplan-OS-KW-24-ab-08.06.2026-SP-16.pdf\">Speiseplan OS KW 24 ab 08.06.2026 SP 16<\/a><\/p>\r\n<p><a href=\"https:\/\/hsloeningen.de\/wp-content\/uploads\/2026\/04\/Speiseplan-OS-KW-25-ab-15.06.2026-SP-1.pdf\">Speiseplan OS KW 25 ab 15.06.2026 SP 1<\/a><\/p>\r\n<p><a href=\"https:\/\/hsloeningen.de\/wp-content\/uploads\/2026\/04\/Speiseplan-OS-KW-26-ab-22.06.2026-SP-2.pdf\">Speiseplan OS KW 26 ab 22.06.2026 SP 2<\/a><\/p>\r\n<p><a href=\"https:\/\/hsloeningen.de\/wp-content\/uploads\/2026\/04\/Speiseplan-OS-KW-27-ab-29.06.2026-SP-3.pdf\">Speiseplan OS KW 27 ab 29.06.2026 SP 3<\/a><\/p>\r\n<p>&nbsp;<\/p>\r\n<figure class=\"wp-block-gallery has-nested-images columns-default is-cropped\">\r\n<figure class=\"wp-block-image size-large\"><a href=\"https:\/\/hsloeningen.de\/wp-content\/uploads\/2015\/02\/DSCN0244.jpg\"><img loading=\"lazy\" decoding=\"async\" width=\"1024\" height=\"768\" class=\"wp-image-346\" src=\"https:\/\/hsloeningen.de\/wp-content\/uploads\/2015\/02\/DSCN0244-1024x768.jpg\" alt=\"\" srcset=\"https:\/\/hsloeningen.de\/wp-content\/uploads\/2015\/02\/DSCN0244-1024x768.jpg 1024w, https:\/\/hsloeningen.de\/wp-content\/uploads\/2015\/02\/DSCN0244-300x225.jpg 300w, https:\/\/hsloeningen.de\/wp-content\/uploads\/2015\/02\/DSCN0244-768x576.jpg 768w, https:\/\/hsloeningen.de\/wp-content\/uploads\/2015\/02\/DSCN0244-1170x878.jpg 1170w\" sizes=\"auto, (max-width: 1024px) 100vw, 1024px\" \/><\/a><\/figure>\r\n<figure class=\"wp-block-image size-large\"><a href=\"https:\/\/hsloeningen.de\/wp-content\/uploads\/2015\/02\/DSCN0243-1.jpg\"><img loading=\"lazy\" decoding=\"async\" width=\"1024\" height=\"633\" class=\"wp-image-354\" src=\"https:\/\/hsloeningen.de\/wp-content\/uploads\/2015\/02\/DSCN0243-1-1024x633.jpg\" alt=\"\" srcset=\"https:\/\/hsloeningen.de\/wp-content\/uploads\/2015\/02\/DSCN0243-1-1024x633.jpg 1024w, https:\/\/hsloeningen.de\/wp-content\/uploads\/2015\/02\/DSCN0243-1-300x185.jpg 300w, https:\/\/hsloeningen.de\/wp-content\/uploads\/2015\/02\/DSCN0243-1-768x475.jpg 768w, https:\/\/hsloeningen.de\/wp-content\/uploads\/2015\/02\/DSCN0243-1-1170x723.jpg 1170w\" sizes=\"auto, (max-width: 1024px) 100vw, 1024px\" \/><\/a><\/figure>\r\n<\/figure>\r\n","protected":false},"excerpt":{"rendered":"<p>F\u00fcr das Mittagessen in der Schulmensa im 2. Halbjahr ist seitens der Stadt L\u00f6ningen ein Informationsschreiben mit Anmeldezettel heraugegeben worden. Zum Download bitte anklicken: Die Firma Curom, die f\u00fcr das Mittagessen zust\u00e4ndig ist, ben\u00f6tigt f\u00fcr die Anmeldung ein SEPA-Lastschriftmandat, das&#8230;<br \/><a class=\"read-more-button\" href=\"https:\/\/hsloeningen.de\/?page_id=93\">Mehr Lesen<\/a><\/p>\n","protected":false},"author":8,"featured_media":0,"parent":0,"menu_order":0,"comment_status":"closed","ping_status":"closed","template":"","meta":{"_mc_calendar":[],"footnotes":""},"class_list":["post-93","page","type-page","status-publish","hentry"],"_links":{"self":[{"href":"https:\/\/hsloeningen.de\/index.php?rest_route=\/wp\/v2\/pages\/93","targetHints":{"allow":["GET"]}}],"collection":[{"href":"https:\/\/hsloeningen.de\/index.php?rest_route=\/wp\/v2\/pages"}],"about":[{"href":"https:\/\/hsloeningen.de\/index.php?rest_route=\/wp\/v2\/types\/page"}],"author":[{"embeddable":true,"href":"https:\/\/hsloeningen.de\/index.php?rest_route=\/wp\/v2\/users\/8"}],"replies":[{"embeddable":true,"href":"https:\/\/hsloeningen.de\/index.php?rest_route=%2Fwp%2Fv2%2Fcomments&post=93"}],"version-history":[{"count":37,"href":"https:\/\/hsloeningen.de\/index.php?rest_route=\/wp\/v2\/pages\/93\/revisions"}],"predecessor-version":[{"id":2911,"href":"https:\/\/hsloeningen.de\/index.php?rest_route=\/wp\/v2\/pages\/93\/revisions\/2911"}],"wp:attachment":[{"href":"https:\/\/hsloeningen.de\/index.php?rest_route=%2Fwp%2Fv2%2Fmedia&parent=93"}],"curies":[{"name":"wp","href":"https:\/\/api.w.org\/{rel}","templated":true}]}}