{"id":90,"date":"2015-02-26T13:23:46","date_gmt":"2015-02-26T12:23:46","guid":{"rendered":"http:\/\/hsl.medienzentrum-clp.de\/?page_id=90"},"modified":"2023-11-17T09:01:13","modified_gmt":"2023-11-17T08:01:13","slug":"berufsorientierung","status":"publish","type":"page","link":"https:\/\/hsloeningen.de\/?page_id=90","title":{"rendered":"Berufsorientierung"},"content":{"rendered":"<div class=\"pdfprnt-buttons pdfprnt-buttons-page pdfprnt-top-right\"><a href=\"https:\/\/hsloeningen.de\/index.php?rest_route=%2Fwp%2Fv2%2Fpages%2F90&print=pdf\" class=\"pdfprnt-button pdfprnt-button-pdf\" target=\"_blank\" ><img decoding=\"async\" src=\"https:\/\/hsloeningen.de\/wp-content\/plugins\/pdf-print\/images\/pdf.png\" alt=\"image_pdf\" title=\"PDF anzeigen\" \/><\/a><a href=\"https:\/\/hsloeningen.de\/index.php?rest_route=%2Fwp%2Fv2%2Fpages%2F90&print=print\" class=\"pdfprnt-button pdfprnt-button-print\" target=\"_blank\" ><img decoding=\"async\" src=\"https:\/\/hsloeningen.de\/wp-content\/plugins\/pdf-print\/images\/print.png\" alt=\"image_print\" title=\"Inhalt drucken\" \/><\/a><\/div><p>Berufsorientierung und Berufsvorbereitung bekommen immer mehr Gewicht, um den Sch\u00fclerinnen und Sch\u00fcler einen m\u00f6glichst einfachen \u00dcbergang in die Berufswelt zu geben. Deshalb legt unsere Schule sehr viel Wert auf die Berufsorientierung. Durch verschiedene Praktika in Klasse 8 und 9 und durch regelm\u00e4\u00dfige Betriebserkundungen ab Klasse 7 helfen wir den Sch\u00fclern, &#8222;ihren Beruf f\u00fcr`s Leben&#8220; zu finden.<\/p>\n<p>Auf der Homepage der Oldenburgischen IHK unter der Adresse\u00a0www.ihk-oldenburg.de finden die Sch\u00fclerinnen und Sch\u00fcler weitere Informationen in den Bereichen Ausbildung, Weiterbildung &#8211; Ausbildung.<\/p>\n<p>Informationen der Bundesagentur f\u00fcr Arbeit sind \u00fcber folgende Internetauftritte zu finden:<\/p>\n<p>http:\/\/www.planet-beruf.de\/schuelerinnen\/<\/p>\n<p>https:\/\/berufenet.arbeitsagentur.de\/<\/p>\n<p>F\u00fcr die individuelle Berufsberatung steht Frau Miebach von der Agentur f\u00fcr Arbeit in Cloppenburg zur Verf\u00fcgung. F\u00fcr n\u00e4here Informationen bitte das nachfolgende Foto anklicken.<\/p>\n<p>&nbsp;<\/p>\n<p><a href=\"https:\/\/hsloeningen.de\/wp-content\/uploads\/2023\/11\/IMG_1153-scaled.jpeg\"><img loading=\"lazy\" decoding=\"async\" class=\"size-medium wp-image-2310 alignleft\" src=\"https:\/\/hsloeningen.de\/wp-content\/uploads\/2023\/11\/IMG_1153-214x300.jpeg\" alt=\"\" width=\"214\" height=\"300\" srcset=\"https:\/\/hsloeningen.de\/wp-content\/uploads\/2023\/11\/IMG_1153-214x300.jpeg 214w, https:\/\/hsloeningen.de\/wp-content\/uploads\/2023\/11\/IMG_1153-732x1024.jpeg 732w, https:\/\/hsloeningen.de\/wp-content\/uploads\/2023\/11\/IMG_1153-768x1074.jpeg 768w, https:\/\/hsloeningen.de\/wp-content\/uploads\/2023\/11\/IMG_1153-1098x1536.jpeg 1098w, https:\/\/hsloeningen.de\/wp-content\/uploads\/2023\/11\/IMG_1153-1464x2048.jpeg 1464w, https:\/\/hsloeningen.de\/wp-content\/uploads\/2023\/11\/IMG_1153-1170x1636.jpeg 1170w, https:\/\/hsloeningen.de\/wp-content\/uploads\/2023\/11\/IMG_1153-scaled.jpeg 1830w\" sizes=\"auto, (max-width: 214px) 100vw, 214px\" \/><\/a><\/p>\n","protected":false},"excerpt":{"rendered":"<p>Berufsorientierung und Berufsvorbereitung bekommen immer mehr Gewicht, um den Sch\u00fclerinnen und Sch\u00fcler einen m\u00f6glichst einfachen \u00dcbergang in die Berufswelt zu geben. Deshalb legt unsere Schule sehr viel Wert auf die Berufsorientierung. Durch verschiedene Praktika in Klasse 8 und 9 und&#8230;<br \/><a class=\"read-more-button\" href=\"https:\/\/hsloeningen.de\/?page_id=90\">Mehr Lesen<\/a><\/p>\n","protected":false},"author":8,"featured_media":0,"parent":7,"menu_order":0,"comment_status":"closed","ping_status":"closed","template":"","meta":{"_mc_calendar":[],"footnotes":""},"class_list":["post-90","page","type-page","status-publish","hentry"],"_links":{"self":[{"href":"https:\/\/hsloeningen.de\/index.php?rest_route=\/wp\/v2\/pages\/90","targetHints":{"allow":["GET"]}}],"collection":[{"href":"https:\/\/hsloeningen.de\/index.php?rest_route=\/wp\/v2\/pages"}],"about":[{"href":"https:\/\/hsloeningen.de\/index.php?rest_route=\/wp\/v2\/types\/page"}],"author":[{"embeddable":true,"href":"https:\/\/hsloeningen.de\/index.php?rest_route=\/wp\/v2\/users\/8"}],"replies":[{"embeddable":true,"href":"https:\/\/hsloeningen.de\/index.php?rest_route=%2Fwp%2Fv2%2Fcomments&post=90"}],"version-history":[{"count":8,"href":"https:\/\/hsloeningen.de\/index.php?rest_route=\/wp\/v2\/pages\/90\/revisions"}],"predecessor-version":[{"id":2315,"href":"https:\/\/hsloeningen.de\/index.php?rest_route=\/wp\/v2\/pages\/90\/revisions\/2315"}],"up":[{"embeddable":true,"href":"https:\/\/hsloeningen.de\/index.php?rest_route=\/wp\/v2\/pages\/7"}],"wp:attachment":[{"href":"https:\/\/hsloeningen.de\/index.php?rest_route=%2Fwp%2Fv2%2Fmedia&parent=90"}],"curies":[{"name":"wp","href":"https:\/\/api.w.org\/{rel}","templated":true}]}}