{"id":68,"date":"2015-02-26T13:15:29","date_gmt":"2015-02-26T12:15:29","guid":{"rendered":"http:\/\/hsl.medienzentrum-clp.de\/?page_id=68"},"modified":"2018-06-25T10:01:26","modified_gmt":"2018-06-25T08:01:26","slug":"impressum","status":"publish","type":"page","link":"https:\/\/hsloeningen.de\/?page_id=68","title":{"rendered":"Impressum"},"content":{"rendered":"<div class=\"pdfprnt-buttons pdfprnt-buttons-page pdfprnt-top-right\"><a href=\"https:\/\/hsloeningen.de\/index.php?rest_route=%2Fwp%2Fv2%2Fpages%2F68&print=pdf\" class=\"pdfprnt-button pdfprnt-button-pdf\" target=\"_blank\" ><img decoding=\"async\" src=\"https:\/\/hsloeningen.de\/wp-content\/plugins\/pdf-print\/images\/pdf.png\" alt=\"image_pdf\" title=\"PDF anzeigen\" \/><\/a><a href=\"https:\/\/hsloeningen.de\/index.php?rest_route=%2Fwp%2Fv2%2Fpages%2F68&print=print\" class=\"pdfprnt-button pdfprnt-button-print\" target=\"_blank\" ><img decoding=\"async\" src=\"https:\/\/hsloeningen.de\/wp-content\/plugins\/pdf-print\/images\/print.png\" alt=\"image_print\" title=\"Inhalt drucken\" \/><\/a><\/div><h2>I. Name und Anschrift des Verantwortlichen<\/h2>\n<p>Gutenbergschule L\u00f6ningen, Hauptschule<br \/>\nAlter Postweg 7<br \/>\n49624 L\u00f6ningen<br \/>\nTelefon: &nbsp;05432-2802<\/p>\n<p>Fax: 05432-3883<br \/>\nE-Mail: hsloeningen@t-online.de<\/p>\n<h3>Vertretungsberechtigt<\/h3>\n<p>A. Berning, Rektorin<\/p>\n<h2>II. Kontaktdaten der oder des Datenschutzbeauftragten<\/h2>\n<p>Tel.: 05432-2802<br \/>\nE-Mail: datenschutzbeauftragter@hs-loeningen.de<\/p>\n<h3>III. Bereitstellung der Website und Erstellung von Logfiles<\/h3>\n<p>Bei jedem Aufruf unserer Internetseite erfasst unser System automatisiert Daten und Informationen vom Computersystem des aufrufenden Rechners. Folgende Daten werden hierbei erhoben:<\/p>\n<ol>\n<li>Datum und Uhrzeit des Zugriffes<\/li>\n<li>Die IP-Adresse des Nutzers<\/li>\n<li>Die Betriebssystemversion des Nutzers<\/li>\n<li>Der Browsertyp des Nutzers<\/li>\n<li>Die vom Nutzer aufgerufene Seite<\/li>\n<\/ol>\n<p>&nbsp;<\/p>\n<p>Die Daten werden in den Logfiles unseres Systems gespeichert. Eine Speicherung dieser Daten zusammen mit anderen personenbezogenen Daten des Nutzers findet nicht statt. Zweck der Datenspeicherung ist die technische Optimierung unserer Internetseite. Rechtsgrundlage f\u00fcr die vor\u00fcbergehende Speicherung der Daten ist Art. 6 Abs.1 lit.f DSGVO.<\/p>\n<p>Die Daten werden f\u00fcr zwei Monate gespeichert, sie werden lediglich statistisch ausgewertet.<\/p>\n<h2>IV. Verwendung von Cookies<\/h2>\n<p>Unsere Website verwendet Cookies. Dies sind kleine Textdateien, die automatisch von Ihrem Browser auf Ihrem Rechner gespeichert werden. Diese dienen folgenden Zwecken: z.B. Optimierung der Benutzerfreundlichkeit, \u2026 [Dies muss individuell angepasst werden]. Einige Funktionen unserer Internetseite k\u00f6nnen ohne den Einsatz von Cookies nicht angeboten werden. F\u00fcr diese ist es erforderlich, dass der Browser auch in einer neuen Sitzung wiedererkannt wird.<\/p>\n<p>Die durch diese Cookies verarbeiteten Daten sind f\u00fcr die genannten Zwecke zur Wahrung unserer berechtigten Interessen nach Art. 6 Abs. 1 S. 1 lit. f DSGVO erforderlich. Diese bestehen in einer technischen Optimierung der Bereitstellung unserer Internetseite.<\/p>\n<p>Es besteht die M\u00f6glichkeit, den Browser so einzustellen, dass keine Cookies gespeichert werden. In diesem Fall besteht allerdings die M\u00f6glichkeit, dass Sie nicht den vollen Funktionsumfang unserer Internetseiten nutzen k\u00f6nnen.<\/p>\n<h2>V. Speicherung personenbezogener Daten bei Kontaktaufnahme<\/h2>\n<p>Sofern Sie per E-Mail den Kontakt mit uns aufnehmen, werden die von Ihnen \u00fcbermittelten personenbezogenen Daten automatisch gespeichert. Diese Daten werden f\u00fcr Zwecke der Bearbeitung Ihres Anliegens und der Kontaktaufnahme mit Ihnen gespeichert.<\/p>\n<p>Wenn Sie Gebrauch von unserem Kontaktformular machen, werden die folgenden personenbezogenen Daten von Ihnen gespeichert: Ihr Name, Ihre Anschrift,&nbsp; Ihre E-Mail-Adresse.<\/p>\n<p>Die L\u00f6schung der Daten erfolgt, sobald deren Speicherung f\u00fcr die Bearbeitung Ihres Anliegens nicht mehr erforderlich ist.<\/p>\n<p>&nbsp;<\/p>\n<ol>\n<li><strong> Betroffenenrechte<\/strong><\/li>\n<\/ol>\n<p>Sie k\u00f6nnen folgende Rechte geltend machen:<\/p>\n<h3>Auskunft\/ Akteneinsicht<\/h3>\n<p>Gem. Art. 15 DSGVO haben Sie das Recht, Auskunft bzw. Akteneinsicht \u00fcber die von uns verarbeiteten personenbezogenen Daten zu erhalten.<\/p>\n<h3>Berichtigung<\/h3>\n<p>Sind bei uns gespeicherte personenbezogene Daten unrichtig oder unvollst\u00e4ndig, haben Sie gem. Art. 16 DSGVO das Recht, diese berichtigen bzw. vervollst\u00e4ndigen zu lassen.<\/p>\n<h3>L\u00f6schung<\/h3>\n<p>Art. 17 DSGVO normiert das Recht auf L\u00f6schung personenbezogener Daten. Dieses Recht steht Ihnen insbesondere dann zu, wenn die Speicherung der personenbezogenen Daten zur Erf\u00fcllung unserer gesetzlichen Aufgaben nicht mehr erforderlich ist oder Sie Ihre Einwilligung zur Datenverarbeitung mit Wirkung f\u00fcr die Zukunft widerrufen haben.<\/p>\n<h3>Einschr\u00e4nkung der Verarbeitung<\/h3>\n<p>Gem. Art. 18 DSGVO k\u00f6nnen Sie die Einschr\u00e4nkung der personenbezogenen Daten verlangen, wenn<\/p>\n<ul>\n<li>die Richtigkeit der Daten von Ihnen bestritten wird<\/li>\n<li>die Verarbeitung unrechtm\u00e4\u00dfig ist, Sie aber deren L\u00f6schung ablehnen<\/li>\n<li>wir die Daten nicht mehr ben\u00f6tigen, Sie jedoch diese zur Geltendmachung, Aus\u00fcbung oder Verteidigung von Rechtsanspr\u00fcchen ben\u00f6tigen<\/li>\n<li>oder Sie gem\u00e4\u00df Art. 21 DSGVO Widerspruch gegen die Verarbeitung eingelegt haben<\/li>\n<\/ul>\n<p>&nbsp;<\/p>\n<h3>Widerspruch<\/h3>\n<p>Sie k\u00f6nnen bei Gr\u00fcnden, die sich aus Ihrer besonderen Situation ergeben, ein Widerspruchsrecht geltend machen. Gem. Art. 21 DSGVO ist jedoch zu ber\u00fccksichtigten, ob schutzw\u00fcrdige Gr\u00fcnde f\u00fcr die Verarbeitung vorliegen oder die Verarbeitung der Geltendmachung, Aus\u00fcbung oder Verteidigung von Rechtsanspr\u00fcchen dient.<\/p>\n<h3>Daten\u00fcbertragbarkeit<\/h3>\n<p>Ist die Verarbeitung Ihrer Daten mit &nbsp;Hilfe eines automatisierten Verfahrens erfolgt, haben Sie gem. Art. 20 DSGVO das Recht, die Daten in einem g\u00e4ngigen und maschinenlesbaren Format zu erhalten und an eine andere Schule zu \u00fcbermitteln bzw. durch uns \u00fcbermitteln zu lassen.<\/p>\n<h3>Widerruf der Einwilligung<\/h3>\n<p>Sie haben gem. Art. 7 Absatz 3 DSGVO das Recht, uns erteilte Einwilligungen jederzeit mit Wirkung f\u00fcr die Zukunft zu widerrufen.<\/p>\n<h3>Beschwerde<\/h3>\n<p>Art. 77 DSGVO normiert ein Beschwerderecht bei der Aufsichtsbeh\u00f6rde. Die f\u00fcr uns zust\u00e4ndige Aufsichtsbeh\u00f6rde ist die Landesbeauftragte f\u00fcr den Datenschutz Niedersachsen, Prinzenstra\u00dfe 5, 30159 Hannover. E-Mail: <a href=\"mailto:poststelle@lfd.niedersachsen.de\">poststelle@lfd.niedersachsen.de<\/a><\/p>\n","protected":false},"excerpt":{"rendered":"<p>I. Name und Anschrift des Verantwortlichen Gutenbergschule L\u00f6ningen, Hauptschule Alter Postweg 7 49624 L\u00f6ningen Telefon: &nbsp;05432-2802 Fax: 05432-3883 E-Mail: hsloeningen@t-online.de Vertretungsberechtigt A. Berning, Rektorin II. Kontaktdaten der oder des Datenschutzbeauftragten Tel.: 05432-2802 E-Mail: datenschutzbeauftragter@hs-loeningen.de III. Bereitstellung der Website und Erstellung&#8230;<br \/><a class=\"read-more-button\" href=\"https:\/\/hsloeningen.de\/?page_id=68\">Mehr Lesen<\/a><\/p>\n","protected":false},"author":8,"featured_media":0,"parent":0,"menu_order":10,"comment_status":"closed","ping_status":"closed","template":"","meta":{"_mc_calendar":[],"footnotes":""},"class_list":["post-68","page","type-page","status-publish","hentry"],"_links":{"self":[{"href":"https:\/\/hsloeningen.de\/index.php?rest_route=\/wp\/v2\/pages\/68","targetHints":{"allow":["GET"]}}],"collection":[{"href":"https:\/\/hsloeningen.de\/index.php?rest_route=\/wp\/v2\/pages"}],"about":[{"href":"https:\/\/hsloeningen.de\/index.php?rest_route=\/wp\/v2\/types\/page"}],"author":[{"embeddable":true,"href":"https:\/\/hsloeningen.de\/index.php?rest_route=\/wp\/v2\/users\/8"}],"replies":[{"embeddable":true,"href":"https:\/\/hsloeningen.de\/index.php?rest_route=%2Fwp%2Fv2%2Fcomments&post=68"}],"version-history":[{"count":7,"href":"https:\/\/hsloeningen.de\/index.php?rest_route=\/wp\/v2\/pages\/68\/revisions"}],"predecessor-version":[{"id":1157,"href":"https:\/\/hsloeningen.de\/index.php?rest_route=\/wp\/v2\/pages\/68\/revisions\/1157"}],"wp:attachment":[{"href":"https:\/\/hsloeningen.de\/index.php?rest_route=%2Fwp%2Fv2%2Fmedia&parent=68"}],"curies":[{"name":"wp","href":"https:\/\/api.w.org\/{rel}","templated":true}]}}