{"id":470,"date":"2016-12-13T12:33:12","date_gmt":"2016-12-13T11:33:12","guid":{"rendered":"http:\/\/hsloeningen.de\/?page_id=470"},"modified":"2022-02-15T09:30:37","modified_gmt":"2022-02-15T08:30:37","slug":"schulkiosk","status":"publish","type":"page","link":"https:\/\/hsloeningen.de\/?page_id=470","title":{"rendered":"Schulkiosk"},"content":{"rendered":"<div class=\"pdfprnt-buttons pdfprnt-buttons-page pdfprnt-top-right\"><a href=\"https:\/\/hsloeningen.de\/index.php?rest_route=%2Fwp%2Fv2%2Fpages%2F470&print=pdf\" class=\"pdfprnt-button pdfprnt-button-pdf\" target=\"_blank\" ><img decoding=\"async\" src=\"https:\/\/hsloeningen.de\/wp-content\/plugins\/pdf-print\/images\/pdf.png\" alt=\"image_pdf\" title=\"PDF anzeigen\" \/><\/a><a href=\"https:\/\/hsloeningen.de\/index.php?rest_route=%2Fwp%2Fv2%2Fpages%2F470&print=print\" class=\"pdfprnt-button pdfprnt-button-print\" target=\"_blank\" ><img decoding=\"async\" src=\"https:\/\/hsloeningen.de\/wp-content\/plugins\/pdf-print\/images\/print.png\" alt=\"image_print\" title=\"Inhalt drucken\" \/><\/a><\/div><p>In den gro\u00dfen Pausen haben die Sch\u00fclerinenn und Sch\u00fcler die M\u00f6glichkeit, bei unserem Kiosk verschiedene Dinge zu kaufen. Dazu geh\u00f6ren unter anderem diverse Milchgetr\u00e4nke, S\u00e4fte und Wasser sowie Br\u00f6tchenh\u00e4lften, M\u00fcsliriegel, Brezeln und K\u00e4sestangen.<\/p>\n<p>Die zu verkaufenden Br\u00f6tchenh\u00e4lften, Brezeln und K\u00e4sestangen werden in der Regel von Sch\u00fclerinnen und Sch\u00fclern der Jahrg\u00e4nge 8 und 9 vorbereitet. Sie sorgen ebenso f\u00fcr der Verkauf in den gro\u00dfen Pausen.<\/p>\n","protected":false},"excerpt":{"rendered":"<p>In den gro\u00dfen Pausen haben die Sch\u00fclerinenn und Sch\u00fcler die M\u00f6glichkeit, bei unserem Kiosk verschiedene Dinge zu kaufen. Dazu geh\u00f6ren unter anderem diverse Milchgetr\u00e4nke, S\u00e4fte und Wasser sowie Br\u00f6tchenh\u00e4lften, M\u00fcsliriegel, Brezeln und K\u00e4sestangen. Die zu verkaufenden Br\u00f6tchenh\u00e4lften, Brezeln und K\u00e4sestangen&#8230;<br \/><a class=\"read-more-button\" href=\"https:\/\/hsloeningen.de\/?page_id=470\">Mehr Lesen<\/a><\/p>\n","protected":false},"author":8,"featured_media":0,"parent":11,"menu_order":0,"comment_status":"closed","ping_status":"closed","template":"","meta":{"_mc_calendar":[],"footnotes":""},"class_list":["post-470","page","type-page","status-publish","hentry"],"_links":{"self":[{"href":"https:\/\/hsloeningen.de\/index.php?rest_route=\/wp\/v2\/pages\/470","targetHints":{"allow":["GET"]}}],"collection":[{"href":"https:\/\/hsloeningen.de\/index.php?rest_route=\/wp\/v2\/pages"}],"about":[{"href":"https:\/\/hsloeningen.de\/index.php?rest_route=\/wp\/v2\/types\/page"}],"author":[{"embeddable":true,"href":"https:\/\/hsloeningen.de\/index.php?rest_route=\/wp\/v2\/users\/8"}],"replies":[{"embeddable":true,"href":"https:\/\/hsloeningen.de\/index.php?rest_route=%2Fwp%2Fv2%2Fcomments&post=470"}],"version-history":[{"count":3,"href":"https:\/\/hsloeningen.de\/index.php?rest_route=\/wp\/v2\/pages\/470\/revisions"}],"predecessor-version":[{"id":1987,"href":"https:\/\/hsloeningen.de\/index.php?rest_route=\/wp\/v2\/pages\/470\/revisions\/1987"}],"up":[{"embeddable":true,"href":"https:\/\/hsloeningen.de\/index.php?rest_route=\/wp\/v2\/pages\/11"}],"wp:attachment":[{"href":"https:\/\/hsloeningen.de\/index.php?rest_route=%2Fwp%2Fv2%2Fmedia&parent=470"}],"curies":[{"name":"wp","href":"https:\/\/api.w.org\/{rel}","templated":true}]}}