{"id":268,"date":"2015-09-25T13:37:08","date_gmt":"2015-09-25T11:37:08","guid":{"rendered":"http:\/\/hsl.medienzentrum-clp.de\/?page_id=268"},"modified":"2020-09-11T15:01:37","modified_gmt":"2020-09-11T13:01:37","slug":"guetesiegel","status":"publish","type":"page","link":"https:\/\/hsloeningen.de\/?page_id=268","title":{"rendered":"G\u00fctesiegel"},"content":{"rendered":"<div class=\"pdfprnt-buttons pdfprnt-buttons-page pdfprnt-top-right\"><a href=\"https:\/\/hsloeningen.de\/index.php?rest_route=%2Fwp%2Fv2%2Fpages%2F268&print=pdf\" class=\"pdfprnt-button pdfprnt-button-pdf\" target=\"_blank\" ><img decoding=\"async\" src=\"https:\/\/hsloeningen.de\/wp-content\/plugins\/pdf-print\/images\/pdf.png\" alt=\"image_pdf\" title=\"PDF anzeigen\" \/><\/a><a href=\"https:\/\/hsloeningen.de\/index.php?rest_route=%2Fwp%2Fv2%2Fpages%2F268&print=print\" class=\"pdfprnt-button pdfprnt-button-print\" target=\"_blank\" ><img decoding=\"async\" src=\"https:\/\/hsloeningen.de\/wp-content\/plugins\/pdf-print\/images\/print.png\" alt=\"image_print\" title=\"Inhalt drucken\" \/><\/a><\/div><p><span class=\"normal\">Hier finden Sie unser G\u00fctesiegel zum Download als PDF: <a href=\"https:\/\/hsloeningen.de\/wp-content\/uploads\/2015\/09\/G\u00fctesiegel-2020-Gutenbergschule-L\u00f6ningen.pdf\">G\u00fctesiegel 2020 Gutenbergschule L\u00f6ningen<\/a>.<\/span><\/p>\n","protected":false},"excerpt":{"rendered":"<p>Hier finden Sie unser G\u00fctesiegel zum Download als PDF: G\u00fctesiegel 2020 Gutenbergschule L\u00f6ningen.<\/p>\n","protected":false},"author":8,"featured_media":0,"parent":7,"menu_order":0,"comment_status":"closed","ping_status":"closed","template":"","meta":{"_mc_calendar":[],"footnotes":""},"class_list":["post-268","page","type-page","status-publish","hentry"],"_links":{"self":[{"href":"https:\/\/hsloeningen.de\/index.php?rest_route=\/wp\/v2\/pages\/268","targetHints":{"allow":["GET"]}}],"collection":[{"href":"https:\/\/hsloeningen.de\/index.php?rest_route=\/wp\/v2\/pages"}],"about":[{"href":"https:\/\/hsloeningen.de\/index.php?rest_route=\/wp\/v2\/types\/page"}],"author":[{"embeddable":true,"href":"https:\/\/hsloeningen.de\/index.php?rest_route=\/wp\/v2\/users\/8"}],"replies":[{"embeddable":true,"href":"https:\/\/hsloeningen.de\/index.php?rest_route=%2Fwp%2Fv2%2Fcomments&post=268"}],"version-history":[{"count":3,"href":"https:\/\/hsloeningen.de\/index.php?rest_route=\/wp\/v2\/pages\/268\/revisions"}],"predecessor-version":[{"id":1534,"href":"https:\/\/hsloeningen.de\/index.php?rest_route=\/wp\/v2\/pages\/268\/revisions\/1534"}],"up":[{"embeddable":true,"href":"https:\/\/hsloeningen.de\/index.php?rest_route=\/wp\/v2\/pages\/7"}],"wp:attachment":[{"href":"https:\/\/hsloeningen.de\/index.php?rest_route=%2Fwp%2Fv2%2Fmedia&parent=268"}],"curies":[{"name":"wp","href":"https:\/\/api.w.org\/{rel}","templated":true}]}}