{"id":1721,"date":"2021-02-16T14:11:32","date_gmt":"2021-02-16T13:11:32","guid":{"rendered":"https:\/\/hsloeningen.de\/?page_id=1721"},"modified":"2021-02-16T14:11:32","modified_gmt":"2021-02-16T13:11:32","slug":"unterlagen-fuer-die-schulanmeldung","status":"publish","type":"page","link":"https:\/\/hsloeningen.de\/?page_id=1721","title":{"rendered":"Unterlagen f\u00fcr die Schulanmeldung"},"content":{"rendered":"<div class=\"pdfprnt-buttons pdfprnt-buttons-page pdfprnt-top-right\"><a href=\"https:\/\/hsloeningen.de\/index.php?rest_route=%2Fwp%2Fv2%2Fpages%2F1721&print=pdf\" class=\"pdfprnt-button pdfprnt-button-pdf\" target=\"_blank\" ><img decoding=\"async\" src=\"https:\/\/hsloeningen.de\/wp-content\/plugins\/pdf-print\/images\/pdf.png\" alt=\"image_pdf\" title=\"PDF anzeigen\" \/><\/a><a href=\"https:\/\/hsloeningen.de\/index.php?rest_route=%2Fwp%2Fv2%2Fpages%2F1721&print=print\" class=\"pdfprnt-button pdfprnt-button-print\" target=\"_blank\" ><img decoding=\"async\" src=\"https:\/\/hsloeningen.de\/wp-content\/plugins\/pdf-print\/images\/print.png\" alt=\"image_print\" title=\"Inhalt drucken\" \/><\/a><\/div>\n<p>Bei der Anmeldung an der Gutenbergschule L\u00f6ningen, Hauptschule, sind jeweils vorzulegen:<\/p>\n\n\n\n<ul class=\"wp-block-list\"><li>Kopie der Geburtsurkunde<\/li><li>Kopie des Halbjahreszeugnisses des vierten Schuljahres<\/li><li>Kopie der Protokolle der Beratungsgespr\u00e4che<\/li><li>Kopie des Sorgerechtsnachweises bei alleinigem Sorgerecht oder entsprechende Kopie der Urkunde bei Vorliegen eines Vormundschaftsverh\u00e4ltnisses<\/li><li>Nachweis \u00fcber zwei Masernschutzimpfungen (z.B. durch Kopie des Impfpasses)<\/li><li>Nachweis oder Bescheid, wenn Leistungen nach dem Sozialgesetzbuch empfangen werden (Kopie)<\/li><li>wenn vorhanden, Kopie des Jugendschwimmabzeichens in Bronze<\/li><li>ggf. Kopie der Verf\u00fcgung zur Feststellung des sonderp\u00e4dagogischen Unterst\u00fctzungsbedarfs<\/li><\/ul>\n","protected":false},"excerpt":{"rendered":"<p>Bei der Anmeldung an der Gutenbergschule L\u00f6ningen, Hauptschule, sind jeweils vorzulegen: Kopie der Geburtsurkunde Kopie des Halbjahreszeugnisses des vierten Schuljahres Kopie der Protokolle der Beratungsgespr\u00e4che Kopie des Sorgerechtsnachweises bei alleinigem Sorgerecht oder entsprechende Kopie der Urkunde bei Vorliegen eines Vormundschaftsverh\u00e4ltnisses&#8230;<br \/><a class=\"read-more-button\" href=\"https:\/\/hsloeningen.de\/?page_id=1721\">Mehr Lesen<\/a><\/p>\n","protected":false},"author":8,"featured_media":0,"parent":409,"menu_order":1,"comment_status":"closed","ping_status":"closed","template":"","meta":{"_mc_calendar":[],"footnotes":""},"class_list":["post-1721","page","type-page","status-publish","hentry"],"_links":{"self":[{"href":"https:\/\/hsloeningen.de\/index.php?rest_route=\/wp\/v2\/pages\/1721","targetHints":{"allow":["GET"]}}],"collection":[{"href":"https:\/\/hsloeningen.de\/index.php?rest_route=\/wp\/v2\/pages"}],"about":[{"href":"https:\/\/hsloeningen.de\/index.php?rest_route=\/wp\/v2\/types\/page"}],"author":[{"embeddable":true,"href":"https:\/\/hsloeningen.de\/index.php?rest_route=\/wp\/v2\/users\/8"}],"replies":[{"embeddable":true,"href":"https:\/\/hsloeningen.de\/index.php?rest_route=%2Fwp%2Fv2%2Fcomments&post=1721"}],"version-history":[{"count":1,"href":"https:\/\/hsloeningen.de\/index.php?rest_route=\/wp\/v2\/pages\/1721\/revisions"}],"predecessor-version":[{"id":1722,"href":"https:\/\/hsloeningen.de\/index.php?rest_route=\/wp\/v2\/pages\/1721\/revisions\/1722"}],"up":[{"embeddable":true,"href":"https:\/\/hsloeningen.de\/index.php?rest_route=\/wp\/v2\/pages\/409"}],"wp:attachment":[{"href":"https:\/\/hsloeningen.de\/index.php?rest_route=%2Fwp%2Fv2%2Fmedia&parent=1721"}],"curies":[{"name":"wp","href":"https:\/\/api.w.org\/{rel}","templated":true}]}}